{"id":18886,"date":"2023-01-23T14:01:17","date_gmt":"2023-01-23T13:01:17","guid":{"rendered":"https:\/\/mobilitum.com\/nyheter\/"},"modified":"2025-03-17T15:47:48","modified_gmt":"2025-03-17T14:47:48","slug":"nyheter","status":"publish","type":"page","link":"https:\/\/mobilitum.com\/sv\/nyheter\/","title":{"rendered":"Nyheter"},"content":{"rendered":"\t\t<div data-elementor-type=\"wp-page\" data-elementor-id=\"18886\" class=\"elementor elementor-18886\" data-elementor-post-type=\"page\">\n\t\t\t\t\t\t<section class=\"elementor-section elementor-top-section elementor-element elementor-element-d041315 elementor-section-boxed elementor-section-height-default elementor-section-height-default\" data-id=\"d041315\" data-element_type=\"section\" data-e-type=\"section\" data-settings=\"{&quot;background_background&quot;:&quot;classic&quot;}\">\n\t\t\t\t\t\t<div class=\"elementor-container elementor-column-gap-default\">\n\t\t\t\t\t<div class=\"elementor-column elementor-col-100 elementor-top-column elementor-element elementor-element-5b7ff01\" data-id=\"5b7ff01\" data-element_type=\"column\" data-e-type=\"column\">\n\t\t\t<div class=\"elementor-widget-wrap elementor-element-populated\">\n\t\t\t\t\t\t<div class=\"elementor-element elementor-element-df0c515 elementor-widget elementor-widget-heading\" data-id=\"df0c515\" data-element_type=\"widget\" data-e-type=\"widget\" data-widget_type=\"heading.default\">\n\t\t\t\t<div class=\"elementor-widget-container\">\n\t\t\t\t\t<h1 class=\"elementor-heading-title elementor-size-default\">NYHETER<\/h1>\t\t\t\t<\/div>\n\t\t\t\t<\/div>\n\t\t\t\t<div class=\"elementor-element elementor-element-b7ee728 elementor-headline--style-rotate elementor-hidden-mobile elementor-widget elementor-widget-animated-headline\" data-id=\"b7ee728\" data-element_type=\"widget\" data-e-type=\"widget\" data-settings=\"{&quot;headline_style&quot;:&quot;rotate&quot;,&quot;animation_type&quot;:&quot;clip&quot;,&quot;rotating_text&quot;:&quot;v\\u00e5ra nyheter\\nprojekt\\nevenemang\\ninnovationer&quot;,&quot;rotate_iteration_delay&quot;:2000,&quot;loop&quot;:&quot;yes&quot;}\" data-widget_type=\"animated-headline.default\">\n\t\t\t\t<div class=\"elementor-widget-container\">\n\t\t\t\t\t\t\t<h2 class=\"elementor-headline elementor-headline-animation-type-clip\">\n\t\t\t\t\t<span class=\"elementor-headline-plain-text elementor-headline-text-wrapper\">H\u00e5ll \u00f6gonen \u00f6ppna f\u00f6r<\/span>\n\t\t\t\t<span class=\"elementor-headline-dynamic-wrapper elementor-headline-text-wrapper\">\n\t\t\t\t\t<span class=\"elementor-headline-dynamic-text elementor-headline-text-active\">\n\t\t\t\tv\u00e5ra&nbsp;nyheter\t\t\t<\/span>\n\t\t\t\t\t<span class=\"elementor-headline-dynamic-text\">\n\t\t\t\tprojekt\t\t\t<\/span>\n\t\t\t\t\t<span class=\"elementor-headline-dynamic-text\">\n\t\t\t\tevenemang\t\t\t<\/span>\n\t\t\t\t\t<span class=\"elementor-headline-dynamic-text\">\n\t\t\t\tinnovationer\t\t\t<\/span>\n\t\t\t\t\t\t<\/span>\n\t\t\t\t<\/h2>\n\t\t\t\t\t\t<\/div>\n\t\t\t\t<\/div>\n\t\t\t\t\t<\/div>\n\t\t<\/div>\n\t\t\t\t\t<\/div>\n\t\t<\/section>\n\t\t\t\t<section class=\"elementor-section elementor-top-section elementor-element elementor-element-267ede4 elementor-section-boxed elementor-section-height-default elementor-section-height-default\" data-id=\"267ede4\" data-element_type=\"section\" data-e-type=\"section\" data-settings=\"{&quot;background_background&quot;:&quot;classic&quot;}\">\n\t\t\t\t\t\t<div class=\"elementor-container elementor-column-gap-default\">\n\t\t\t\t\t<div class=\"elementor-column elementor-col-100 elementor-top-column elementor-element elementor-element-e35ca6d\" data-id=\"e35ca6d\" data-element_type=\"column\" data-e-type=\"column\">\n\t\t\t<div class=\"elementor-widget-wrap elementor-element-populated\">\n\t\t\t\t\t\t\t<\/div>\n\t\t<\/div>\n\t\t\t\t\t<\/div>\n\t\t<\/section>\n\t\t\t\t<section class=\"elementor-section elementor-top-section elementor-element elementor-element-adc34f1 elementor-section-full_width elementor-section-height-min-height elementor-hidden-mobile elementor-section-height-default elementor-section-items-middle\" data-id=\"adc34f1\" data-element_type=\"section\" data-e-type=\"section\" data-settings=\"{&quot;background_background&quot;:&quot;classic&quot;,&quot;shape_divider_bottom&quot;:&quot;tilt&quot;}\">\n\t\t\t\t\t<div class=\"elementor-shape elementor-shape-bottom\" aria-hidden=\"true\" data-negative=\"false\">\n\t\t\t<svg xmlns=\"http:\/\/www.w3.org\/2000\/svg\" viewBox=\"0 0 1000 100\" preserveAspectRatio=\"none\">\n\t<path class=\"elementor-shape-fill\" d=\"M0,6V0h1000v100L0,6z\"\/>\n<\/svg>\t\t<\/div>\n\t\t\t\t\t<div class=\"elementor-container elementor-column-gap-default\">\n\t\t\t\t\t<div class=\"elementor-column elementor-col-100 elementor-top-column elementor-element elementor-element-5fa4261\" data-id=\"5fa4261\" data-element_type=\"column\" data-e-type=\"column\">\n\t\t\t<div class=\"elementor-widget-wrap\">\n\t\t\t\t\t\t\t<\/div>\n\t\t<\/div>\n\t\t\t\t\t<\/div>\n\t\t<\/section>\n\t\t\t\t<\/div>\n\t\t","protected":false},"excerpt":{"rendered":"<p>NYHETER H\u00e5ll \u00f6gonen \u00f6ppna f\u00f6r v\u00e5ra&nbsp;nyheter projekt evenemang innovationer<\/p>\n","protected":false},"author":1,"featured_media":18887,"parent":0,"menu_order":0,"comment_status":"closed","ping_status":"closed","template":"","meta":{"site-sidebar-layout":"no-sidebar","site-content-layout":"page-builder","ast-global-header-display":"","ast-banner-title-visibility":"","ast-main-header-display":"","ast-hfb-above-header-display":"","ast-hfb-below-header-display":"","ast-hfb-mobile-header-display":"","site-post-title":"disabled","ast-breadcrumbs-content":"","ast-featured-img":"disabled","footer-sml-layout":"","theme-transparent-header-meta":"","adv-header-id-meta":"","stick-header-meta":"","header-above-stick-meta":"","header-main-stick-meta":"","header-below-stick-meta":"","footnotes":""},"class_list":["post-18886","page","type-page","status-publish","has-post-thumbnail","hentry"],"yoast_head":"<!-- This site is optimized with the Yoast SEO plugin v27.1.1 - https:\/\/yoast.com\/product\/yoast-seo-wordpress\/ -->\n<title>LEV Nyheter | Utvecklingen inom l\u00e4tta elfordon | Mobilitum<\/title>\n<meta name=\"description\" content=\"H\u00e5ll dig uppdaterad med de senaste LEV-nyheterna. L\u00e4s om v\u00e5ra framg\u00e5ngsrika projekt i Leiden och Alkmaar, bland annat om ny utveckling och h\u00e5llbar stadsmobilitet i Nederl\u00e4nderna.\" \/>\n<meta name=\"robots\" content=\"index, follow, max-snippet:-1, max-image-preview:large, max-video-preview:-1\" \/>\n<link rel=\"canonical\" href=\"https:\/\/mobilitum.com\/sv\/nyheter\/\" \/>\n<meta property=\"og:locale\" content=\"sv_SE\" \/>\n<meta property=\"og:type\" content=\"article\" \/>\n<meta property=\"og:title\" content=\"LEV Nyheter | Utvecklingen inom l\u00e4tta elfordon | Mobilitum\" \/>\n<meta property=\"og:description\" content=\"H\u00e5ll dig uppdaterad med de senaste LEV-nyheterna. L\u00e4s om v\u00e5ra framg\u00e5ngsrika projekt i Leiden och Alkmaar, bland annat om ny utveckling och h\u00e5llbar stadsmobilitet i Nederl\u00e4nderna.\" \/>\n<meta property=\"og:url\" content=\"https:\/\/mobilitum.com\/sv\/nyheter\/\" \/>\n<meta property=\"og:site_name\" content=\"Mobilitum\" \/>\n<meta property=\"article:modified_time\" content=\"2025-03-17T14:47:48+00:00\" \/>\n<meta property=\"og:image\" content=\"https:\/\/mobilitum.com\/wp-content\/uploads\/2024\/05\/Pickup-Dibo-7.jpeg\" \/>\n\t<meta property=\"og:image:width\" content=\"2048\" \/>\n\t<meta property=\"og:image:height\" content=\"1152\" \/>\n\t<meta property=\"og:image:type\" content=\"image\/jpeg\" \/>\n<meta name=\"twitter:card\" content=\"summary_large_image\" \/>\n<script type=\"application\/ld+json\" class=\"yoast-schema-graph\">{\"@context\":\"https:\/\/schema.org\",\"@graph\":[{\"@type\":\"WebPage\",\"@id\":\"https:\/\/mobilitum.com\/sv\/nyheter\/\",\"url\":\"https:\/\/mobilitum.com\/sv\/nyheter\/\",\"name\":\"LEV Nyheter | Utvecklingen inom l\u00e4tta elfordon | Mobilitum\",\"isPartOf\":{\"@id\":\"https:\/\/mobilitum.com\/sv\/#website\"},\"primaryImageOfPage\":{\"@id\":\"https:\/\/mobilitum.com\/sv\/nyheter\/#primaryimage\"},\"image\":{\"@id\":\"https:\/\/mobilitum.com\/sv\/nyheter\/#primaryimage\"},\"thumbnailUrl\":\"https:\/\/mobilitum.com\/wp-content\/uploads\/2024\/05\/Pickup-Dibo-7.jpeg\",\"datePublished\":\"2023-01-23T13:01:17+00:00\",\"dateModified\":\"2025-03-17T14:47:48+00:00\",\"description\":\"H\u00e5ll dig uppdaterad med de senaste LEV-nyheterna. L\u00e4s om v\u00e5ra framg\u00e5ngsrika projekt i Leiden och Alkmaar, bland annat om ny utveckling och h\u00e5llbar stadsmobilitet i Nederl\u00e4nderna.\",\"breadcrumb\":{\"@id\":\"https:\/\/mobilitum.com\/sv\/nyheter\/#breadcrumb\"},\"inLanguage\":\"sv-SE\",\"potentialAction\":[{\"@type\":\"ReadAction\",\"target\":[\"https:\/\/mobilitum.com\/sv\/nyheter\/\"]}]},{\"@type\":\"ImageObject\",\"inLanguage\":\"sv-SE\",\"@id\":\"https:\/\/mobilitum.com\/sv\/nyheter\/#primaryimage\",\"url\":\"https:\/\/mobilitum.com\/wp-content\/uploads\/2024\/05\/Pickup-Dibo-7.jpeg\",\"contentUrl\":\"https:\/\/mobilitum.com\/wp-content\/uploads\/2024\/05\/Pickup-Dibo-7.jpeg\",\"width\":2048,\"height\":1152},{\"@type\":\"BreadcrumbList\",\"@id\":\"https:\/\/mobilitum.com\/sv\/nyheter\/#breadcrumb\",\"itemListElement\":[{\"@type\":\"ListItem\",\"position\":1,\"name\":\"Home\",\"item\":\"https:\/\/mobilitum.com\/sv\/\"},{\"@type\":\"ListItem\",\"position\":2,\"name\":\"Nyheter\"}]},{\"@type\":\"WebSite\",\"@id\":\"https:\/\/mobilitum.com\/sv\/#website\",\"url\":\"https:\/\/mobilitum.com\/sv\/\",\"name\":\"Mobilitum\",\"description\":\"\",\"publisher\":{\"@id\":\"https:\/\/mobilitum.com\/sv\/#organization\"},\"potentialAction\":[{\"@type\":\"SearchAction\",\"target\":{\"@type\":\"EntryPoint\",\"urlTemplate\":\"https:\/\/mobilitum.com\/sv\/?s={search_term_string}\"},\"query-input\":{\"@type\":\"PropertyValueSpecification\",\"valueRequired\":true,\"valueName\":\"search_term_string\"}}],\"inLanguage\":\"sv-SE\"},{\"@type\":\"Organization\",\"@id\":\"https:\/\/mobilitum.com\/sv\/#organization\",\"name\":\"Mobilitum\",\"url\":\"https:\/\/mobilitum.com\/sv\/\",\"logo\":{\"@type\":\"ImageObject\",\"inLanguage\":\"sv-SE\",\"@id\":\"https:\/\/mobilitum.com\/sv\/#\/schema\/logo\/image\/\",\"url\":\"\",\"contentUrl\":\"\",\"caption\":\"Mobilitum\"},\"image\":{\"@id\":\"https:\/\/mobilitum.com\/sv\/#\/schema\/logo\/image\/\"}}]}<\/script>\n<!-- \/ Yoast SEO plugin. -->","yoast_head_json":{"title":"LEV Nyheter | Utvecklingen inom l\u00e4tta elfordon | Mobilitum","description":"H\u00e5ll dig uppdaterad med de senaste LEV-nyheterna. L\u00e4s om v\u00e5ra framg\u00e5ngsrika projekt i Leiden och Alkmaar, bland annat om ny utveckling och h\u00e5llbar stadsmobilitet i Nederl\u00e4nderna.","robots":{"index":"index","follow":"follow","max-snippet":"max-snippet:-1","max-image-preview":"max-image-preview:large","max-video-preview":"max-video-preview:-1"},"canonical":"https:\/\/mobilitum.com\/sv\/nyheter\/","og_locale":"sv_SE","og_type":"article","og_title":"LEV Nyheter | Utvecklingen inom l\u00e4tta elfordon | Mobilitum","og_description":"H\u00e5ll dig uppdaterad med de senaste LEV-nyheterna. L\u00e4s om v\u00e5ra framg\u00e5ngsrika projekt i Leiden och Alkmaar, bland annat om ny utveckling och h\u00e5llbar stadsmobilitet i Nederl\u00e4nderna.","og_url":"https:\/\/mobilitum.com\/sv\/nyheter\/","og_site_name":"Mobilitum","article_modified_time":"2025-03-17T14:47:48+00:00","og_image":[{"width":2048,"height":1152,"url":"https:\/\/mobilitum.com\/wp-content\/uploads\/2024\/05\/Pickup-Dibo-7.jpeg","type":"image\/jpeg"}],"twitter_card":"summary_large_image","schema":{"@context":"https:\/\/schema.org","@graph":[{"@type":"WebPage","@id":"https:\/\/mobilitum.com\/sv\/nyheter\/","url":"https:\/\/mobilitum.com\/sv\/nyheter\/","name":"LEV Nyheter | Utvecklingen inom l\u00e4tta elfordon | Mobilitum","isPartOf":{"@id":"https:\/\/mobilitum.com\/sv\/#website"},"primaryImageOfPage":{"@id":"https:\/\/mobilitum.com\/sv\/nyheter\/#primaryimage"},"image":{"@id":"https:\/\/mobilitum.com\/sv\/nyheter\/#primaryimage"},"thumbnailUrl":"https:\/\/mobilitum.com\/wp-content\/uploads\/2024\/05\/Pickup-Dibo-7.jpeg","datePublished":"2023-01-23T13:01:17+00:00","dateModified":"2025-03-17T14:47:48+00:00","description":"H\u00e5ll dig uppdaterad med de senaste LEV-nyheterna. L\u00e4s om v\u00e5ra framg\u00e5ngsrika projekt i Leiden och Alkmaar, bland annat om ny utveckling och h\u00e5llbar stadsmobilitet i Nederl\u00e4nderna.","breadcrumb":{"@id":"https:\/\/mobilitum.com\/sv\/nyheter\/#breadcrumb"},"inLanguage":"sv-SE","potentialAction":[{"@type":"ReadAction","target":["https:\/\/mobilitum.com\/sv\/nyheter\/"]}]},{"@type":"ImageObject","inLanguage":"sv-SE","@id":"https:\/\/mobilitum.com\/sv\/nyheter\/#primaryimage","url":"https:\/\/mobilitum.com\/wp-content\/uploads\/2024\/05\/Pickup-Dibo-7.jpeg","contentUrl":"https:\/\/mobilitum.com\/wp-content\/uploads\/2024\/05\/Pickup-Dibo-7.jpeg","width":2048,"height":1152},{"@type":"BreadcrumbList","@id":"https:\/\/mobilitum.com\/sv\/nyheter\/#breadcrumb","itemListElement":[{"@type":"ListItem","position":1,"name":"Home","item":"https:\/\/mobilitum.com\/sv\/"},{"@type":"ListItem","position":2,"name":"Nyheter"}]},{"@type":"WebSite","@id":"https:\/\/mobilitum.com\/sv\/#website","url":"https:\/\/mobilitum.com\/sv\/","name":"Mobilitum","description":"","publisher":{"@id":"https:\/\/mobilitum.com\/sv\/#organization"},"potentialAction":[{"@type":"SearchAction","target":{"@type":"EntryPoint","urlTemplate":"https:\/\/mobilitum.com\/sv\/?s={search_term_string}"},"query-input":{"@type":"PropertyValueSpecification","valueRequired":true,"valueName":"search_term_string"}}],"inLanguage":"sv-SE"},{"@type":"Organization","@id":"https:\/\/mobilitum.com\/sv\/#organization","name":"Mobilitum","url":"https:\/\/mobilitum.com\/sv\/","logo":{"@type":"ImageObject","inLanguage":"sv-SE","@id":"https:\/\/mobilitum.com\/sv\/#\/schema\/logo\/image\/","url":"","contentUrl":"","caption":"Mobilitum"},"image":{"@id":"https:\/\/mobilitum.com\/sv\/#\/schema\/logo\/image\/"}}]}},"_links":{"self":[{"href":"https:\/\/mobilitum.com\/sv\/wp-json\/wp\/v2\/pages\/18886","targetHints":{"allow":["GET"]}}],"collection":[{"href":"https:\/\/mobilitum.com\/sv\/wp-json\/wp\/v2\/pages"}],"about":[{"href":"https:\/\/mobilitum.com\/sv\/wp-json\/wp\/v2\/types\/page"}],"author":[{"embeddable":true,"href":"https:\/\/mobilitum.com\/sv\/wp-json\/wp\/v2\/users\/1"}],"replies":[{"embeddable":true,"href":"https:\/\/mobilitum.com\/sv\/wp-json\/wp\/v2\/comments?post=18886"}],"version-history":[{"count":0,"href":"https:\/\/mobilitum.com\/sv\/wp-json\/wp\/v2\/pages\/18886\/revisions"}],"wp:featuredmedia":[{"embeddable":true,"href":"https:\/\/mobilitum.com\/sv\/wp-json\/wp\/v2\/media\/18887"}],"wp:attachment":[{"href":"https:\/\/mobilitum.com\/sv\/wp-json\/wp\/v2\/media?parent=18886"}],"curies":[{"name":"wp","href":"https:\/\/api.w.org\/{rel}","templated":true}]}}